{"id":1326,"date":"2017-10-16T13:06:09","date_gmt":"2017-10-16T13:06:09","guid":{"rendered":"http:\/\/ninzio.com\/craft\/?page_id=1326"},"modified":"2021-06-11T17:12:24","modified_gmt":"2021-06-11T14:12:24","slug":"ithalat-ihracat","status":"publish","type":"page","link":"https:\/\/www.atacdisticaret.com\/index.php\/ithalat-ihracat\/","title":{"rendered":"\u0130thalat &#8211; \u0130hracat"},"content":{"rendered":"<p>[vc_row][vc_column]\r\n\t<div class=\"wprt-spacer clearfix\" data-desktop=\"96\" data-mobi=\"60\" data-smobi=\"60\"><\/div>[vc_row_inner][vc_column_inner width=&#8221;1\/3&#8243;]<div class=\"wprt-image-box clearfix \" style=\"\">\r\n        <div class=\"item\">\r\n            <div class=\"inner\" style=\"background-color: #f7f7f7;\">\r\n                <div class=\"thumb\" style=\"\"><img loading=\"lazy\" decoding=\"async\" width=\"600\" height=\"500\" src=\"https:\/\/www.atacdisticaret.com\/wp-content\/uploads\/2017\/11\/gumruk-islemleri-danismanligi-600x500.jpg\" class=\"attachment-wprt-rectangle size-wprt-rectangle\" alt=\"\" \/><\/div>\r\n                <div class=\"text-wrap\" style=\"\">\r\n                    <h3 class=\"title\" style=\"\">\r\n        <a target=\"_blank\" href=\"http:\/\/www.atacdisticaret.com\/index.php\/project\/gumruk-islemleri-danismanligi\/\">G\u00fcmr\u00fck i\u015flemleri Dan\u0131\u015fmanl\u0131\u011f\u0131<\/a>\r\n    <\/h3>   \r\n                <\/div>\r\n            <\/div>\r\n        <\/div>\r\n    <\/div>\r\n\t<div class=\"wprt-spacer clearfix\" data-desktop=\"65\" data-mobi=\"35\" data-smobi=\"35\"><\/div>[\/vc_column_inner][vc_column_inner width=&#8221;1\/3&#8243;]<div class=\"wprt-image-box clearfix \" style=\"\">\r\n        <div class=\"item\">\r\n            <div class=\"inner\" style=\"background-color: #f7f7f7;\">\r\n                <div class=\"thumb\" style=\"\"><img loading=\"lazy\" decoding=\"async\" width=\"571\" height=\"500\" src=\"https:\/\/www.atacdisticaret.com\/wp-content\/uploads\/2017\/11\/tesvik-danismanlik-2-571x500.jpg\" class=\"attachment-wprt-rectangle size-wprt-rectangle\" alt=\"\" \/><\/div>\r\n                <div class=\"text-wrap\" style=\"\">\r\n                    <h3 class=\"title\" style=\"\">\r\n        <a target=\"_blank\" href=\"http:\/\/www.atacdisticaret.com\/index.php\/project\/tesvik-danismanligi\/\">Te\u015fvik Dan\u0131\u015fmanl\u0131\u011f\u0131<\/a>\r\n    <\/h3>   \r\n                <\/div>\r\n            <\/div>\r\n        <\/div>\r\n    <\/div>\r\n\t<div class=\"wprt-spacer clearfix\" data-desktop=\"65\" data-mobi=\"35\" data-smobi=\"35\"><\/div>[\/vc_column_inner][vc_column_inner width=&#8221;1\/3&#8243;]<div class=\"wprt-image-box clearfix \" style=\"\">\r\n        <div class=\"item\">\r\n            <div class=\"inner\" style=\"background-color: #f7f7f7;\">\r\n                <div class=\"thumb\" style=\"\"><img loading=\"lazy\" decoding=\"async\" width=\"600\" height=\"500\" src=\"https:\/\/www.atacdisticaret.com\/wp-content\/uploads\/2017\/11\/dis-ticaret-danismanligi-600x500.jpeg\" class=\"attachment-wprt-rectangle size-wprt-rectangle\" alt=\"\" \/><\/div>\r\n                <div class=\"text-wrap\" style=\"\">\r\n                    <h3 class=\"title\" style=\"\">\r\n        <a target=\"_blank\" href=\"http:\/\/www.atacdisticaret.com\/index.php\/project\/dis-ticaret-danismanligi\/\">D\u0131\u015f Ticaret Dan\u0131\u015fmanl\u0131\u011f\u0131<\/a>\r\n    <\/h3>   \r\n                <\/div>\r\n            <\/div>\r\n        <\/div>\r\n    <\/div>\r\n\t<div class=\"wprt-spacer clearfix\" data-desktop=\"65\" data-mobi=\"35\" data-smobi=\"35\"><\/div>[\/vc_column_inner][\/vc_row_inner][vc_row_inner][vc_column_inner width=&#8221;1\/3&#8243;]<div class=\"wprt-image-box clearfix \" style=\"\">\r\n        <div class=\"item\">\r\n            <div class=\"inner\" style=\"background-color: #f7f7f7;\">\r\n                <div class=\"thumb\" style=\"\"><img loading=\"lazy\" decoding=\"async\" width=\"600\" height=\"500\" src=\"https:\/\/www.atacdisticaret.com\/wp-content\/uploads\/2017\/11\/kurumsal-egitim-600x500.jpg\" class=\"attachment-wprt-rectangle size-wprt-rectangle\" alt=\"\" \/><\/div>\r\n                <div class=\"text-wrap\" style=\"\">\r\n                    <h3 class=\"title\" style=\"\">\r\n        <a target=\"_blank\" href=\"http:\/\/www.atacdisticaret.com\/index.php\/project\/kurumsal-egitim-destegi\/\">Kurumsal E\u011fitim Deste\u011fi<\/a>\r\n    <\/h3>   \r\n                <\/div>\r\n            <\/div>\r\n        <\/div>\r\n    <\/div>\r\n\t<div class=\"wprt-spacer clearfix\" data-desktop=\"65\" data-mobi=\"35\" data-smobi=\"35\"><\/div>[\/vc_column_inner][vc_column_inner width=&#8221;1\/3&#8243;]<div class=\"wprt-image-box clearfix \" style=\"\">\r\n        <div class=\"item\">\r\n            <div class=\"inner\" style=\"background-color: #f7f7f7;\">\r\n                <div class=\"thumb\" style=\"\"><img loading=\"lazy\" decoding=\"async\" width=\"600\" height=\"500\" src=\"https:\/\/www.atacdisticaret.com\/wp-content\/uploads\/2017\/11\/gumruk-islemleri-danismanligi-600x500.jpg\" class=\"attachment-wprt-rectangle size-wprt-rectangle\" alt=\"\" \/><\/div>\r\n                <div class=\"text-wrap\" style=\"\">\r\n                    <h3 class=\"title\" style=\"\">\r\n        <a target=\"_blank\" href=\"http:\/\/www.atacdisticaret.com\/index.php\/project\/lojistik\/\">Lojistik<\/a>\r\n    <\/h3>   \r\n                <\/div>\r\n            <\/div>\r\n        <\/div>\r\n    <\/div>\r\n\t<div class=\"wprt-spacer clearfix\" data-desktop=\"65\" data-mobi=\"35\" data-smobi=\"35\"><\/div>[\/vc_column_inner][vc_column_inner width=&#8221;1\/3&#8243;]\r\n\t<div class=\"wprt-spacer clearfix\" data-desktop=\"65\" data-mobi=\"35\" data-smobi=\"35\"><\/div>[\/vc_column_inner][\/vc_row_inner][\/vc_column][\/vc_row][vc_row full_width=&#8221;stretch_row&#8221; css=&#8221;.vc_custom_1512532601209{background-image: url(https:\/\/ninzio.com\/craft\/wp-content\/uploads\/2017\/10\/section_bg1.jpg?id=2252) !important;background-position: center !important;background-repeat: no-repeat !important;background-size: cover !important;}&#8221;][vc_column]\r\n\t<div class=\"wprt-spacer clearfix\" data-desktop=\"60\" data-mobi=\"40\" data-smobi=\"40\"><\/div>[\/vc_column][\/vc_row]<\/p>\n","protected":false},"excerpt":{"rendered":"<p>[vc_row][vc_column][vc_row_inner][vc_column_inner width=&#8221;1\/3&#8243;][\/vc_column_inner][vc_column_inner width=&#8221;1\/3&#8243;][\/vc_column_inner][vc_column_inner width=&#8221;1\/3&#8243;][\/vc_column_inner][\/vc_row_inner][vc_row_inner][vc_column_inner width=&#8221;1\/3&#8243;][\/vc_column_inner][vc_column_inner width=&#8221;1\/3&#8243;][\/vc_column_inner][vc_column_inner width=&#8221;1\/3&#8243;][\/vc_column_inner][\/vc_row_inner][\/vc_column][\/vc_row][vc_row full_width=&#8221;stretch_row&#8221; css=&#8221;.vc_custom_1512532601209{background-image: url(https:\/\/ninzio.com\/craft\/wp-content\/uploads\/2017\/10\/section_bg1.jpg?id=2252) !important;background-position: center !important;background-repeat: no-repeat !important;background-size: cover !important;}&#8221;][vc_column][\/vc_column][\/vc_row]<\/p>\n","protected":false},"author":1,"featured_media":0,"parent":0,"menu_order":0,"comment_status":"closed","ping_status":"closed","template":"","meta":{"footnotes":""},"class_list":["post-1326","page","type-page","status-publish","hentry"],"_links":{"self":[{"href":"https:\/\/www.atacdisticaret.com\/index.php\/wp-json\/wp\/v2\/pages\/1326","targetHints":{"allow":["GET"]}}],"collection":[{"href":"https:\/\/www.atacdisticaret.com\/index.php\/wp-json\/wp\/v2\/pages"}],"about":[{"href":"https:\/\/www.atacdisticaret.com\/index.php\/wp-json\/wp\/v2\/types\/page"}],"author":[{"embeddable":true,"href":"https:\/\/www.atacdisticaret.com\/index.php\/wp-json\/wp\/v2\/users\/1"}],"replies":[{"embeddable":true,"href":"https:\/\/www.atacdisticaret.com\/index.php\/wp-json\/wp\/v2\/comments?post=1326"}],"version-history":[{"count":8,"href":"https:\/\/www.atacdisticaret.com\/index.php\/wp-json\/wp\/v2\/pages\/1326\/revisions"}],"predecessor-version":[{"id":3226,"href":"https:\/\/www.atacdisticaret.com\/index.php\/wp-json\/wp\/v2\/pages\/1326\/revisions\/3226"}],"wp:attachment":[{"href":"https:\/\/www.atacdisticaret.com\/index.php\/wp-json\/wp\/v2\/media?parent=1326"}],"curies":[{"name":"wp","href":"https:\/\/api.w.org\/{rel}","templated":true}]}}