{"id":1339,"date":"2017-10-16T13:54:07","date_gmt":"2017-10-16T13:54:07","guid":{"rendered":"http:\/\/ninzio.com\/craft\/?page_id=1339"},"modified":"2021-06-09T15:55:05","modified_gmt":"2021-06-09T12:55:05","slug":"iletisim","status":"publish","type":"page","link":"https:\/\/www.atacdisticaret.com\/index.php\/iletisim\/","title":{"rendered":"\u0130leti\u015fim"},"content":{"rendered":"<p>[vc_row][vc_column]\r\n\t<div class=\"wprt-spacer clearfix\" data-desktop=\"77\" data-mobi=\"60\" data-smobi=\"60\"><\/div>[vc_gmaps link=&#8221;#E-8_JTNDaWZyYW1lJTIwc3JjJTNEJTIyaHR0cHMlM0ElMkYlMkZ3d3cuZ29vZ2xlLmNvbSUyRm1hcHMlMkZlbWJlZCUzRnBiJTNEJTIxMW0xOCUyMTFtMTIlMjExbTMlMjExZDMxMjUuMDgwMDQ2ODk4MTc4JTIxMmQyNy4xNDE4NTM5NTExMjMwNjQlMjEzZDM4LjQzOTYxOTk3OTU0NDA4JTIxMm0zJTIxMWYwJTIxMmYwJTIxM2YwJTIxM20yJTIxMWkxMDI0JTIxMmk3NjglMjE0ZjEzLjElMjEzbTMlMjExbTIlMjExczB4MTRiYmQ4NDRhNzk2ZGUyYiUyNTNBMHhiYjliMTc1MjZiZTg2N2FmJTIxMnNBbHNhbmNhayUyNTJDJTI1MjAxNDcxLiUyNTIwU2suJTI1MjBObyUyNTNBMSUyNTJDJTI1MjAzNTIyMCUyNTIwS29uYWslMjUyRiUyNUM0JTI1QjB6bWlyJTIxNWUwJTIxM20yJTIxMXN0ciUyMTJzdHIlMjE0djE2MjMyNDMyODcxNzAlMjE1bTIlMjExc3RyJTIxMnN0ciUyMiUyMHdpZHRoJTNEJTIyNjAwJTIyJTIwaGVpZ2h0JTNEJTIyNDUwJTIyJTIwc3R5bGUlM0QlMjJib3JkZXIlM0EwJTNCJTIyJTIwYWxsb3dmdWxsc2NyZWVuJTNEJTIyJTIyJTIwbG9hZGluZyUzRCUyMmxhenklMjIlM0UlM0MlMkZpZnJhbWUlM0U=&#8221;]\r\n\t<div class=\"wprt-spacer clearfix\" data-desktop=\"57\" data-mobi=\"40\" data-smobi=\"40\"><\/div>[vc_row_inner][vc_column_inner width=&#8221;9\/12&#8243;]<div class=\"wprt-headings clearfix \" data-font=16 style=\"\"><h2 class=\"heading clearfix\" style=\"font-size:16px;\">\r\n\t\t\u0130leti\u015fim Formu\r\n\t<\/h2><\/div><div class=\"wprt-divider divider-center divider-solid\" style=\"border-top-color:#e0e0e0;margin-top:10px;\"><\/div><div class=\"clearfix\"><\/div>\r\n\t<div class=\"wprt-spacer clearfix\" data-desktop=\"30\" data-mobi=\"20\" data-smobi=\"20\"><\/div><div class=\"wprt-headings clearfix \"  style=\"\"><p class=\"sub-heading clearfix\" style=\"font-style:normal;color:#999999;font-size:18px;\">\r\n\t\tGenellikle i\u015f g\u00fcnlerinde 24 saat i\u00e7inde cevap veriyoruz.\r\n\t<\/p><\/div>\r\n\t<div class=\"wprt-spacer clearfix\" data-desktop=\"30\" data-mobi=\"20\" data-smobi=\"20\"><\/div><div role=\"form\" class=\"wpcf7\" id=\"wpcf7-f2243-o1\" lang=\"en-US\" dir=\"ltr\">\n<div class=\"screen-reader-response\"><p role=\"status\" aria-live=\"polite\" aria-atomic=\"true\"><\/p> <ul><\/ul><\/div>\n<form action=\"\/index.php\/wp-json\/wp\/v2\/pages\/1339#wpcf7-f2243-o1\" method=\"post\" class=\"wpcf7-form init\" novalidate=\"novalidate\" data-status=\"init\">\n<div style=\"display: none;\">\n<input type=\"hidden\" name=\"_wpcf7\" value=\"2243\" \/>\n<input type=\"hidden\" name=\"_wpcf7_version\" value=\"5.4.1\" \/>\n<input type=\"hidden\" name=\"_wpcf7_locale\" value=\"en_US\" \/>\n<input type=\"hidden\" name=\"_wpcf7_unit_tag\" value=\"wpcf7-f2243-o1\" \/>\n<input type=\"hidden\" name=\"_wpcf7_container_post\" value=\"0\" \/>\n<input type=\"hidden\" name=\"_wpcf7_posted_data_hash\" value=\"\" \/>\n<\/div>\n<div class=\"wprt-contact-form-3 input-bottom-20 message-height-150\">\n<span class=\"wpcf7-form-control-wrap your-name\"><input type=\"text\" name=\"your-name\" value=\"\" size=\"40\" class=\"wpcf7-form-control wpcf7-text wpcf7-validates-as-required\" aria-required=\"true\" aria-invalid=\"false\" placeholder=\"Ad\u0131n\u0131z\" \/><\/span><span class=\"wpcf7-form-control-wrap your-email\"><input type=\"email\" name=\"your-email\" value=\"\" size=\"40\" class=\"wpcf7-form-control wpcf7-text wpcf7-email wpcf7-validates-as-required wpcf7-validates-as-email\" aria-required=\"true\" aria-invalid=\"false\" placeholder=\"E-posta Adresiniz\" \/><\/span><span class=\"wpcf7-form-control-wrap your-subject\"><input type=\"text\" name=\"your-subject\" value=\"\" size=\"40\" class=\"wpcf7-form-control wpcf7-text wpcf7-validates-as-required\" aria-required=\"true\" aria-invalid=\"false\" placeholder=\"Konu\" \/><\/span><span class=\"wpcf7-form-control-wrap your-message\"><textarea name=\"your-message\" cols=\"40\" rows=\"10\" class=\"wpcf7-form-control wpcf7-textarea\" aria-invalid=\"false\" placeholder=\"Mesaj\u0131n\u0131z\"><\/textarea><\/span>\n<div class=\"wrap-submit\"><input type=\"submit\" value=\"G\u00f6nder\" class=\"wpcf7-form-control wpcf7-submit\" \/><\/div>\n<\/div>\n<div class=\"wpcf7-response-output\" aria-hidden=\"true\"><\/div><\/form><\/div>\r\n\t<div class=\"wprt-spacer clearfix\" data-desktop=\"0\" data-mobi=\"50\" data-smobi=\"50\"><\/div>[\/vc_column_inner][vc_column_inner width=&#8221;3\/12&#8243;]<div class=\"wprt-headings clearfix \" data-font=16 style=\"\"><h2 class=\"heading clearfix\" style=\"font-size:16px;\">\r\n\t\t\u0130leti\u015fim Bilgileri\r\n\t<\/h2><\/div><div class=\"wprt-divider divider-center divider-solid\" style=\"border-top-color:#e0e0e0;margin-top:10px;margin-bottom:23px;\"><\/div><div class=\"clearfix\"><\/div>[vc_column_text]<span class=\"font-size-16\"> Telefon: +90 232 402 64 64<\/p>\n<p>Faks: +90 232 402 64 65 <\/span>[\/vc_column_text]<div class=\"wprt-divider divider-center divider-solid\" style=\"border-top-color:#e0e0e0;margin-top:25px;margin-bottom:17px;\"><\/div><div class=\"clearfix\"><\/div>[vc_column_text]Adres : 1471 sokak Kenet sitesi no : 1\/4 Alsancak \/ \u0130ZM\u0130R[\/vc_column_text]<div class=\"wprt-divider divider-center divider-solid\" style=\"border-top-color:#e0e0e0;margin-top:25px;margin-bottom:17px;\"><\/div><div class=\"clearfix\"><\/div>[vc_column_text]<span class=\"font-size-16\">E-posta : info@atacdisticaret.com<\/p>\n<p><\/span>[\/vc_column_text]<div class=\"wprt-divider divider-center divider-solid\" style=\"border-top-color:#e0e0e0;margin-top:20px;margin-bottom:28px;\"><\/div><div class=\"clearfix\"><\/div><div class=\"wprt-icon clearfix background\" style=\"margin:0px 4px 2px 4px;\"><a class=\"icon-wrap\" target=\"_blank\" href=\"#\"><span class=\"icon \" style=\"font-size:16px;width:37px;height:37px;color:#ffffff;background-color:#3b5998;line-height:37px;\" ><i class=\"fa fa-facebook\"><\/i><\/span><\/a><\/div><div class=\"wprt-icon clearfix background\" style=\"margin:0px 4px 2px 4px;\"><a class=\"icon-wrap\" target=\"_blank\" href=\"#\"><span class=\"icon \" style=\"font-size:16px;width:37px;height:37px;color:#ffffff;background-color:#55acee;line-height:37px;\" ><i class=\"fa fa-twitter\"><\/i><\/span><\/a><\/div><div class=\"wprt-icon clearfix background\" style=\"margin:0px 4px 2px 4px;\"><a class=\"icon-wrap\" target=\"_blank\" href=\"https:\/\/www.instagram.com\/atac_disticaret\/?hl=tr\"><span class=\"icon \" style=\"font-size:16px;width:37px;height:37px;color:#ffffff;background-color:#e03b6a;line-height:37px;\" ><i class=\"fa fa-instagram\"><\/i><\/span><\/a><\/div><div class=\"wprt-icon clearfix background\" style=\"\"><a class=\"icon-wrap\" target=\"_blank\" href=\"#\"><\/a><\/div>[\/vc_column_inner][\/vc_row_inner][\/vc_column][\/vc_row][vc_row][vc_column]\r\n\t<div class=\"wprt-spacer clearfix\" data-desktop=\"90\" data-mobi=\"60\" data-smobi=\"60\"><\/div>[\/vc_column][\/vc_row]<\/p>\n","protected":false},"excerpt":{"rendered":"<p>[vc_row][vc_column][vc_gmaps link=&#8221;#E-8_JTNDaWZyYW1lJTIwc3JjJTNEJTIyaHR0cHMlM0ElMkYlMkZ3d3cuZ29vZ2xlLmNvbSUyRm1hcHMlMkZlbWJlZCUzRnBiJTNEJTIxMW0xOCUyMTFtMTIlMjExbTMlMjExZDMxMjUuMDgwMDQ2ODk4MTc4JTIxMmQyNy4xNDE4NTM5NTExMjMwNjQlMjEzZDM4LjQzOTYxOTk3OTU0NDA4JTIxMm0zJTIxMWYwJTIxMmYwJTIxM2YwJTIxM20yJTIxMWkxMDI0JTIxMmk3NjglMjE0ZjEzLjElMjEzbTMlMjExbTIlMjExczB4MTRiYmQ4NDRhNzk2ZGUyYiUyNTNBMHhiYjliMTc1MjZiZTg2N2FmJTIxMnNBbHNhbmNhayUyNTJDJTI1MjAxNDcxLiUyNTIwU2suJTI1MjBObyUyNTNBMSUyNTJDJTI1MjAzNTIyMCUyNTIwS29uYWslMjUyRiUyNUM0JTI1QjB6bWlyJTIxNWUwJTIxM20yJTIxMXN0ciUyMTJzdHIlMjE0djE2MjMyNDMyODcxNzAlMjE1bTIlMjExc3RyJTIxMnN0ciUyMiUyMHdpZHRoJTNEJTIyNjAwJTIyJTIwaGVpZ2h0JTNEJTIyNDUwJTIyJTIwc3R5bGUlM0QlMjJib3JkZXIlM0EwJTNCJTIyJTIwYWxsb3dmdWxsc2NyZWVuJTNEJTIyJTIyJTIwbG9hZGluZyUzRCUyMmxhenklMjIlM0UlM0MlMkZpZnJhbWUlM0U=&#8221;][vc_row_inner][vc_column_inner width=&#8221;9\/12&#8243;][\/vc_column_inner][vc_column_inner width=&#8221;3\/12&#8243;][vc_column_text] Telefon: +90 232 402 64 64 Faks: +90 232 402 64 65 [\/vc_column_text][vc_column_text]Adres : 1471 sokak Kenet sitesi no : 1\/4 Alsancak \/ \u0130ZM\u0130R[\/vc_column_text][vc_column_text]E-posta : info@atacdisticaret.com [\/vc_column_text][\/vc_column_inner][\/vc_row_inner][\/vc_column][\/vc_row][vc_row][vc_column][\/vc_column][\/vc_row]<\/p>\n","protected":false},"author":1,"featured_media":0,"parent":0,"menu_order":0,"comment_status":"closed","ping_status":"closed","template":"","meta":{"footnotes":""},"class_list":["post-1339","page","type-page","status-publish","hentry"],"_links":{"self":[{"href":"https:\/\/www.atacdisticaret.com\/index.php\/wp-json\/wp\/v2\/pages\/1339","targetHints":{"allow":["GET"]}}],"collection":[{"href":"https:\/\/www.atacdisticaret.com\/index.php\/wp-json\/wp\/v2\/pages"}],"about":[{"href":"https:\/\/www.atacdisticaret.com\/index.php\/wp-json\/wp\/v2\/types\/page"}],"author":[{"embeddable":true,"href":"https:\/\/www.atacdisticaret.com\/index.php\/wp-json\/wp\/v2\/users\/1"}],"replies":[{"embeddable":true,"href":"https:\/\/www.atacdisticaret.com\/index.php\/wp-json\/wp\/v2\/comments?post=1339"}],"version-history":[{"count":5,"href":"https:\/\/www.atacdisticaret.com\/index.php\/wp-json\/wp\/v2\/pages\/1339\/revisions"}],"predecessor-version":[{"id":3218,"href":"https:\/\/www.atacdisticaret.com\/index.php\/wp-json\/wp\/v2\/pages\/1339\/revisions\/3218"}],"wp:attachment":[{"href":"https:\/\/www.atacdisticaret.com\/index.php\/wp-json\/wp\/v2\/media?parent=1339"}],"curies":[{"name":"wp","href":"https:\/\/api.w.org\/{rel}","templated":true}]}}