{"id":2269,"date":"2017-12-06T09:21:23","date_gmt":"2017-12-06T09:21:23","guid":{"rendered":"http:\/\/ninzio.com\/craft\/?page_id=2269"},"modified":"2017-12-06T09:21:23","modified_gmt":"2017-12-06T09:21:23","slug":"portfolio-grid","status":"publish","type":"page","link":"https:\/\/www.atacdisticaret.com\/index.php\/portfolio-grid\/","title":{"rendered":"Portfolio Grid"},"content":{"rendered":"<p>[vc_row fullwidth=&#8221;yes&#8221; full_width=&#8221;stretch_row_content_no_spaces&#8221;][vc_column]\r\n\t<div class=\"wprt-spacer clearfix\" data-desktop=\"87\" data-mobi=\"60\" data-smobi=\"60\"><\/div>\r\n<div class=\"wprt-project-grid\" data-column=\"4\" data-column2=\"3\" data-column3=\"2\" data-column4=\"1\" data-gaph=\"0\" data-gapv=\"0\" data-filter=\"\">\r\n\r\n\t<div id=\"project-filter\" class=\"cbp-l-filters-alignCenter\" style=\"\"><div class=\"inner\"><div data-filter=\"*\" class=\"cbp-filter-item\" style=\"text-transform:uppercase;\"><span>All<\/span><div class=\"cbp-filter-counter\"><\/div><\/div><div data-filter=\".g\u00fcvenli-ve-h\u0131zl\u0131-\u0130\u015flemler\" class=\"cbp-filter-item\" title=\"G\u00fcvenli ve H\u0131zl\u0131 \u0130\u015flemler\" style=\"text-transform:uppercase;\"><span>G\u00fcvenli ve H\u0131zl\u0131 \u0130\u015flemler<\/span><div class=\"cbp-filter-counter\"><\/div><\/div><div data-filter=\".\u0130thalat-ve-\u0130hracat\" class=\"cbp-filter-item\" title=\"\u0130thalat ve \u0130hracat\" style=\"text-transform:uppercase;\"><span>\u0130thalat ve \u0130hracat<\/span><div class=\"cbp-filter-counter\"><\/div><\/div><div data-filter=\".stratejik-\u00c7\u00f6z\u00fcmler\" class=\"cbp-filter-item\" title=\"Stratejik \u00c7\u00f6z\u00fcmler\" style=\"text-transform:uppercase;\"><span>Stratejik \u00c7\u00f6z\u00fcmler<\/span><div class=\"cbp-filter-counter\"><\/div><\/div><\/div><\/div>\r\n\t\t<div id=\"portfolio\" class=\"cbp\">\r\n\t\t    \r\n\t            <div class=\"cbp-item ithalat-ve-ihracat \">\r\n\t\t\t\t\t<div class=\"project-box style-1\">\r\n\t\t\t\t\t\t<div class=\"inner\">\r\n\t\t\t\t\t\t\t<div class=\"project-wrap\"><div class=\"project-image\"><img loading=\"lazy\" decoding=\"async\" width=\"1600\" height=\"1071\" src=\"https:\/\/www.atacdisticaret.com\/wp-content\/uploads\/2017\/11\/gumruk-islemleri-danismanligi.jpg\" class=\"attachment-wprt-rectangle3 size-wprt-rectangle3 wp-post-image\" alt=\"\" srcset=\"https:\/\/www.atacdisticaret.com\/wp-content\/uploads\/2017\/11\/gumruk-islemleri-danismanligi.jpg 1600w, https:\/\/www.atacdisticaret.com\/wp-content\/uploads\/2017\/11\/gumruk-islemleri-danismanligi-300x201.jpg 300w, https:\/\/www.atacdisticaret.com\/wp-content\/uploads\/2017\/11\/gumruk-islemleri-danismanligi-1024x685.jpg 1024w, https:\/\/www.atacdisticaret.com\/wp-content\/uploads\/2017\/11\/gumruk-islemleri-danismanligi-768x514.jpg 768w, https:\/\/www.atacdisticaret.com\/wp-content\/uploads\/2017\/11\/gumruk-islemleri-danismanligi-1536x1028.jpg 1536w, https:\/\/www.atacdisticaret.com\/wp-content\/uploads\/2017\/11\/gumruk-islemleri-danismanligi-870x582.jpg 870w, https:\/\/www.atacdisticaret.com\/wp-content\/uploads\/2017\/11\/gumruk-islemleri-danismanligi-600x402.jpg 600w, https:\/\/www.atacdisticaret.com\/wp-content\/uploads\/2017\/11\/gumruk-islemleri-danismanligi-480x321.jpg 480w\" sizes=\"auto, (max-width: 1600px) 100vw, 1600px\" \/><\/div><div class=\"project-text\"><div class=\"icon\">\r\n\t\t                    \t\t<a class=\"link\" href=\"https:\/\/www.atacdisticaret.com\/index.php\/project\/gumruk-islemleri-danismanligi\/\" title=\"G\u00fcmr\u00fck \u0130\u015flemleri Dan\u0131\u015fmanl\u0131\u011f\u0131\"><i class=\"craft-plus2\"><\/i><\/a>\r\n\t\t                    \t\t<a class=\"zoom-popup cbp-lightbox\" href=\"https:\/\/www.atacdisticaret.com\/wp-content\/uploads\/2017\/11\/gumruk-islemleri-danismanligi.jpg\" data-title=\"G\u00fcmr\u00fck \u0130\u015flemleri Dan\u0131\u015fmanl\u0131\u011f\u0131\"><i class=\"craft-magnifier3\"><\/i><\/a>\r\n\t\t                    \t\t<\/div><h2><a href=\"https:\/\/www.atacdisticaret.com\/index.php\/project\/gumruk-islemleri-danismanligi\/\" title=\"G\u00fcmr\u00fck \u0130\u015flemleri Dan\u0131\u015fmanl\u0131\u011f\u0131\">G\u00fcmr\u00fck \u0130\u015flemleri Dan\u0131\u015fmanl\u0131\u011f\u0131<\/a><\/h2><\/div><\/div>\t\t                <\/div>\r\n\t\t\t\t\t<\/div><!-- \/.project-box -->\r\n\t            <\/div><!-- \/.cbp-item -->\r\n\t\t\t\r\n\t            <div class=\"cbp-item ithalat-ve-ihracat \">\r\n\t\t\t\t\t<div class=\"project-box style-1\">\r\n\t\t\t\t\t\t<div class=\"inner\">\r\n\t\t\t\t\t\t\t<div class=\"project-wrap\"><div class=\"project-image\"><img loading=\"lazy\" decoding=\"async\" width=\"1600\" height=\"1066\" src=\"https:\/\/www.atacdisticaret.com\/wp-content\/uploads\/2017\/11\/tesvik-danismanligi.jpeg\" class=\"attachment-wprt-rectangle3 size-wprt-rectangle3 wp-post-image\" alt=\"\" srcset=\"https:\/\/www.atacdisticaret.com\/wp-content\/uploads\/2017\/11\/tesvik-danismanligi.jpeg 1600w, https:\/\/www.atacdisticaret.com\/wp-content\/uploads\/2017\/11\/tesvik-danismanligi-300x200.jpeg 300w, https:\/\/www.atacdisticaret.com\/wp-content\/uploads\/2017\/11\/tesvik-danismanligi-1024x682.jpeg 1024w, https:\/\/www.atacdisticaret.com\/wp-content\/uploads\/2017\/11\/tesvik-danismanligi-768x512.jpeg 768w, https:\/\/www.atacdisticaret.com\/wp-content\/uploads\/2017\/11\/tesvik-danismanligi-1536x1023.jpeg 1536w, https:\/\/www.atacdisticaret.com\/wp-content\/uploads\/2017\/11\/tesvik-danismanligi-870x580.jpeg 870w, https:\/\/www.atacdisticaret.com\/wp-content\/uploads\/2017\/11\/tesvik-danismanligi-600x400.jpeg 600w, https:\/\/www.atacdisticaret.com\/wp-content\/uploads\/2017\/11\/tesvik-danismanligi-480x320.jpeg 480w\" sizes=\"auto, (max-width: 1600px) 100vw, 1600px\" \/><\/div><div class=\"project-text\"><div class=\"icon\">\r\n\t\t                    \t\t<a class=\"link\" href=\"https:\/\/www.atacdisticaret.com\/index.php\/project\/tesvik-danismanligi\/\" title=\"Te\u015fvik Dan\u0131\u015fmanl\u0131\u011f\u0131\"><i class=\"craft-plus2\"><\/i><\/a>\r\n\t\t                    \t\t<a class=\"zoom-popup cbp-lightbox\" href=\"https:\/\/www.atacdisticaret.com\/wp-content\/uploads\/2017\/11\/tesvik-danismanligi.jpeg\" data-title=\"Te\u015fvik Dan\u0131\u015fmanl\u0131\u011f\u0131\"><i class=\"craft-magnifier3\"><\/i><\/a>\r\n\t\t                    \t\t<\/div><h2><a href=\"https:\/\/www.atacdisticaret.com\/index.php\/project\/tesvik-danismanligi\/\" title=\"Te\u015fvik Dan\u0131\u015fmanl\u0131\u011f\u0131\">Te\u015fvik Dan\u0131\u015fmanl\u0131\u011f\u0131<\/a><\/h2><\/div><\/div>\t\t                <\/div>\r\n\t\t\t\t\t<\/div><!-- \/.project-box -->\r\n\t            <\/div><!-- \/.cbp-item -->\r\n\t\t\t\r\n\t            <div class=\"cbp-item ithalat-ve-ihracat \">\r\n\t\t\t\t\t<div class=\"project-box style-1\">\r\n\t\t\t\t\t\t<div class=\"inner\">\r\n\t\t\t\t\t\t\t<div class=\"project-wrap\"><div class=\"project-image\"><img loading=\"lazy\" decoding=\"async\" width=\"1920\" height=\"1280\" src=\"https:\/\/www.atacdisticaret.com\/wp-content\/uploads\/2017\/11\/dis-ticaret-danismanligi.jpeg\" class=\"attachment-wprt-rectangle3 size-wprt-rectangle3 wp-post-image\" alt=\"\" srcset=\"https:\/\/www.atacdisticaret.com\/wp-content\/uploads\/2017\/11\/dis-ticaret-danismanligi.jpeg 1920w, https:\/\/www.atacdisticaret.com\/wp-content\/uploads\/2017\/11\/dis-ticaret-danismanligi-300x200.jpeg 300w, https:\/\/www.atacdisticaret.com\/wp-content\/uploads\/2017\/11\/dis-ticaret-danismanligi-1024x683.jpeg 1024w, https:\/\/www.atacdisticaret.com\/wp-content\/uploads\/2017\/11\/dis-ticaret-danismanligi-768x512.jpeg 768w, https:\/\/www.atacdisticaret.com\/wp-content\/uploads\/2017\/11\/dis-ticaret-danismanligi-1536x1024.jpeg 1536w, https:\/\/www.atacdisticaret.com\/wp-content\/uploads\/2017\/11\/dis-ticaret-danismanligi-870x580.jpeg 870w, https:\/\/www.atacdisticaret.com\/wp-content\/uploads\/2017\/11\/dis-ticaret-danismanligi-600x400.jpeg 600w, https:\/\/www.atacdisticaret.com\/wp-content\/uploads\/2017\/11\/dis-ticaret-danismanligi-480x320.jpeg 480w\" sizes=\"auto, (max-width: 1920px) 100vw, 1920px\" \/><\/div><div class=\"project-text\"><div class=\"icon\">\r\n\t\t                    \t\t<a class=\"link\" href=\"https:\/\/www.atacdisticaret.com\/index.php\/project\/dis-ticaret-danismanligi\/\" title=\"D\u0131\u015f Ticaret Dan\u0131\u015fmanl\u0131\u011f\u0131\"><i class=\"craft-plus2\"><\/i><\/a>\r\n\t\t                    \t\t<a class=\"zoom-popup cbp-lightbox\" href=\"https:\/\/www.atacdisticaret.com\/wp-content\/uploads\/2017\/11\/dis-ticaret-danismanligi.jpeg\" data-title=\"D\u0131\u015f Ticaret Dan\u0131\u015fmanl\u0131\u011f\u0131\"><i class=\"craft-magnifier3\"><\/i><\/a>\r\n\t\t                    \t\t<\/div><h2><a href=\"https:\/\/www.atacdisticaret.com\/index.php\/project\/dis-ticaret-danismanligi\/\" title=\"D\u0131\u015f Ticaret Dan\u0131\u015fmanl\u0131\u011f\u0131\">D\u0131\u015f Ticaret Dan\u0131\u015fmanl\u0131\u011f\u0131<\/a><\/h2><\/div><\/div>\t\t                <\/div>\r\n\t\t\t\t\t<\/div><!-- \/.project-box -->\r\n\t            <\/div><!-- \/.cbp-item -->\r\n\t\t\t\r\n\t            <div class=\"cbp-item ithalat-ve-ihracat \">\r\n\t\t\t\t\t<div class=\"project-box style-1\">\r\n\t\t\t\t\t\t<div class=\"inner\">\r\n\t\t\t\t\t\t\t<div class=\"project-wrap\"><div class=\"project-image\"><img loading=\"lazy\" decoding=\"async\" width=\"1536\" height=\"1024\" src=\"https:\/\/www.atacdisticaret.com\/wp-content\/uploads\/2017\/11\/kurumsal-egitim.jpg\" class=\"attachment-wprt-rectangle3 size-wprt-rectangle3 wp-post-image\" alt=\"\" srcset=\"https:\/\/www.atacdisticaret.com\/wp-content\/uploads\/2017\/11\/kurumsal-egitim.jpg 1536w, https:\/\/www.atacdisticaret.com\/wp-content\/uploads\/2017\/11\/kurumsal-egitim-300x200.jpg 300w, https:\/\/www.atacdisticaret.com\/wp-content\/uploads\/2017\/11\/kurumsal-egitim-1024x683.jpg 1024w, https:\/\/www.atacdisticaret.com\/wp-content\/uploads\/2017\/11\/kurumsal-egitim-768x512.jpg 768w, https:\/\/www.atacdisticaret.com\/wp-content\/uploads\/2017\/11\/kurumsal-egitim-870x580.jpg 870w, https:\/\/www.atacdisticaret.com\/wp-content\/uploads\/2017\/11\/kurumsal-egitim-600x400.jpg 600w, https:\/\/www.atacdisticaret.com\/wp-content\/uploads\/2017\/11\/kurumsal-egitim-480x320.jpg 480w\" sizes=\"auto, (max-width: 1536px) 100vw, 1536px\" \/><\/div><div class=\"project-text\"><div class=\"icon\">\r\n\t\t                    \t\t<a class=\"link\" href=\"https:\/\/www.atacdisticaret.com\/index.php\/project\/kurumsal-egitim-destegi\/\" title=\"Kurumsal E\u011fitim Deste\u011fi\"><i class=\"craft-plus2\"><\/i><\/a>\r\n\t\t                    \t\t<a class=\"zoom-popup cbp-lightbox\" href=\"https:\/\/www.atacdisticaret.com\/wp-content\/uploads\/2017\/11\/kurumsal-egitim.jpg\" data-title=\"Kurumsal E\u011fitim Deste\u011fi\"><i class=\"craft-magnifier3\"><\/i><\/a>\r\n\t\t                    \t\t<\/div><h2><a href=\"https:\/\/www.atacdisticaret.com\/index.php\/project\/kurumsal-egitim-destegi\/\" title=\"Kurumsal E\u011fitim Deste\u011fi\">Kurumsal E\u011fitim Deste\u011fi<\/a><\/h2><\/div><\/div>\t\t                <\/div>\r\n\t\t\t\t\t<\/div><!-- \/.project-box -->\r\n\t            <\/div><!-- \/.cbp-item -->\r\n\t\t\t\r\n\t            <div class=\"cbp-item ithalat-ve-ihracat \">\r\n\t\t\t\t\t<div class=\"project-box style-1\">\r\n\t\t\t\t\t\t<div class=\"inner\">\r\n\t\t\t\t\t\t\t<div class=\"project-wrap\"><div class=\"project-image\"><img loading=\"lazy\" decoding=\"async\" width=\"1600\" height=\"1066\" src=\"https:\/\/www.atacdisticaret.com\/wp-content\/uploads\/2017\/11\/lojistik.jpg\" class=\"attachment-wprt-rectangle3 size-wprt-rectangle3 wp-post-image\" alt=\"\" srcset=\"https:\/\/www.atacdisticaret.com\/wp-content\/uploads\/2017\/11\/lojistik.jpg 1600w, https:\/\/www.atacdisticaret.com\/wp-content\/uploads\/2017\/11\/lojistik-300x200.jpg 300w, https:\/\/www.atacdisticaret.com\/wp-content\/uploads\/2017\/11\/lojistik-1024x682.jpg 1024w, https:\/\/www.atacdisticaret.com\/wp-content\/uploads\/2017\/11\/lojistik-768x512.jpg 768w, https:\/\/www.atacdisticaret.com\/wp-content\/uploads\/2017\/11\/lojistik-1536x1023.jpg 1536w, https:\/\/www.atacdisticaret.com\/wp-content\/uploads\/2017\/11\/lojistik-870x580.jpg 870w, https:\/\/www.atacdisticaret.com\/wp-content\/uploads\/2017\/11\/lojistik-600x400.jpg 600w, https:\/\/www.atacdisticaret.com\/wp-content\/uploads\/2017\/11\/lojistik-480x320.jpg 480w\" sizes=\"auto, (max-width: 1600px) 100vw, 1600px\" \/><\/div><div class=\"project-text\"><div class=\"icon\">\r\n\t\t                    \t\t<a class=\"link\" href=\"https:\/\/www.atacdisticaret.com\/index.php\/project\/lojistik\/\" title=\"Lojistik\"><i class=\"craft-plus2\"><\/i><\/a>\r\n\t\t                    \t\t<a class=\"zoom-popup cbp-lightbox\" href=\"https:\/\/www.atacdisticaret.com\/wp-content\/uploads\/2017\/11\/lojistik.jpg\" data-title=\"Lojistik\"><i class=\"craft-magnifier3\"><\/i><\/a>\r\n\t\t                    \t\t<\/div><h2><a href=\"https:\/\/www.atacdisticaret.com\/index.php\/project\/lojistik\/\" title=\"Lojistik\">Lojistik<\/a><\/h2><\/div><\/div>\t\t                <\/div>\r\n\t\t\t\t\t<\/div><!-- \/.project-box -->\r\n\t            <\/div><!-- \/.cbp-item -->\r\n\t\t\t\r\n\t            <div class=\"cbp-item stratejik-cozumler \">\r\n\t\t\t\t\t<div class=\"project-box style-1\">\r\n\t\t\t\t\t\t<div class=\"inner\">\r\n\t\t\t\t\t\t\t<div class=\"project-wrap\"><div class=\"project-image\"><img loading=\"lazy\" decoding=\"async\" width=\"2450\" height=\"1633\" src=\"https:\/\/www.atacdisticaret.com\/wp-content\/uploads\/2017\/11\/tesvik-3.jpg\" class=\"attachment-wprt-rectangle3 size-wprt-rectangle3 wp-post-image\" alt=\"\" srcset=\"https:\/\/www.atacdisticaret.com\/wp-content\/uploads\/2017\/11\/tesvik-3.jpg 2450w, https:\/\/www.atacdisticaret.com\/wp-content\/uploads\/2017\/11\/tesvik-3-300x200.jpg 300w, https:\/\/www.atacdisticaret.com\/wp-content\/uploads\/2017\/11\/tesvik-3-1024x683.jpg 1024w, https:\/\/www.atacdisticaret.com\/wp-content\/uploads\/2017\/11\/tesvik-3-768x512.jpg 768w, https:\/\/www.atacdisticaret.com\/wp-content\/uploads\/2017\/11\/tesvik-3-1536x1024.jpg 1536w, https:\/\/www.atacdisticaret.com\/wp-content\/uploads\/2017\/11\/tesvik-3-2048x1365.jpg 2048w, https:\/\/www.atacdisticaret.com\/wp-content\/uploads\/2017\/11\/tesvik-3-870x580.jpg 870w, https:\/\/www.atacdisticaret.com\/wp-content\/uploads\/2017\/11\/tesvik-3-600x400.jpg 600w, https:\/\/www.atacdisticaret.com\/wp-content\/uploads\/2017\/11\/tesvik-3-480x320.jpg 480w\" sizes=\"auto, (max-width: 2450px) 100vw, 2450px\" \/><\/div><div class=\"project-text\"><div class=\"icon\">\r\n\t\t                    \t\t<a class=\"link\" href=\"https:\/\/www.atacdisticaret.com\/index.php\/project\/tesvik-alimlari-ve-danismanligi\/\" title=\"Te\u015fvik Al\u0131mlar\u0131 ve Dan\u0131\u015fmanl\u0131\u011f\u0131\"><i class=\"craft-plus2\"><\/i><\/a>\r\n\t\t                    \t\t<a class=\"zoom-popup cbp-lightbox\" href=\"https:\/\/www.atacdisticaret.com\/wp-content\/uploads\/2017\/11\/tesvik-3.jpg\" data-title=\"Te\u015fvik Al\u0131mlar\u0131 ve Dan\u0131\u015fmanl\u0131\u011f\u0131\"><i class=\"craft-magnifier3\"><\/i><\/a>\r\n\t\t                    \t\t<\/div><h2><a href=\"https:\/\/www.atacdisticaret.com\/index.php\/project\/tesvik-alimlari-ve-danismanligi\/\" title=\"Te\u015fvik Al\u0131mlar\u0131 ve Dan\u0131\u015fmanl\u0131\u011f\u0131\">Te\u015fvik Al\u0131mlar\u0131 ve Dan\u0131\u015fmanl\u0131\u011f\u0131<\/a><\/h2><\/div><\/div>\t\t                <\/div>\r\n\t\t\t\t\t<\/div><!-- \/.project-box -->\r\n\t            <\/div><!-- \/.cbp-item -->\r\n\t\t\t\r\n\t            <div class=\"cbp-item stratejik-cozumler \">\r\n\t\t\t\t\t<div class=\"project-box style-1\">\r\n\t\t\t\t\t\t<div class=\"inner\">\r\n\t\t\t\t\t\t\t<div class=\"project-wrap\"><div class=\"project-image\"><img loading=\"lazy\" decoding=\"async\" width=\"2000\" height=\"1335\" src=\"https:\/\/www.atacdisticaret.com\/wp-content\/uploads\/2017\/11\/v-sayili-liste-ve-nihai-kullanim-danismanligi.jpg\" class=\"attachment-wprt-rectangle3 size-wprt-rectangle3 wp-post-image\" alt=\"\" srcset=\"https:\/\/www.atacdisticaret.com\/wp-content\/uploads\/2017\/11\/v-sayili-liste-ve-nihai-kullanim-danismanligi.jpg 2000w, https:\/\/www.atacdisticaret.com\/wp-content\/uploads\/2017\/11\/v-sayili-liste-ve-nihai-kullanim-danismanligi-300x200.jpg 300w, https:\/\/www.atacdisticaret.com\/wp-content\/uploads\/2017\/11\/v-sayili-liste-ve-nihai-kullanim-danismanligi-1024x684.jpg 1024w, https:\/\/www.atacdisticaret.com\/wp-content\/uploads\/2017\/11\/v-sayili-liste-ve-nihai-kullanim-danismanligi-768x513.jpg 768w, https:\/\/www.atacdisticaret.com\/wp-content\/uploads\/2017\/11\/v-sayili-liste-ve-nihai-kullanim-danismanligi-1536x1025.jpg 1536w, https:\/\/www.atacdisticaret.com\/wp-content\/uploads\/2017\/11\/v-sayili-liste-ve-nihai-kullanim-danismanligi-870x581.jpg 870w, https:\/\/www.atacdisticaret.com\/wp-content\/uploads\/2017\/11\/v-sayili-liste-ve-nihai-kullanim-danismanligi-600x401.jpg 600w, https:\/\/www.atacdisticaret.com\/wp-content\/uploads\/2017\/11\/v-sayili-liste-ve-nihai-kullanim-danismanligi-480x320.jpg 480w\" sizes=\"auto, (max-width: 2000px) 100vw, 2000px\" \/><\/div><div class=\"project-text\"><div class=\"icon\">\r\n\t\t                    \t\t<a class=\"link\" href=\"https:\/\/www.atacdisticaret.com\/index.php\/project\/v-sayili-liste-ve-nihai-kullanim-danismanligi\/\" title=\"V Say\u0131l\u0131 Liste ve Nihai Kullan\u0131m Dan\u0131\u015fmanl\u0131\u011f\u0131\"><i class=\"craft-plus2\"><\/i><\/a>\r\n\t\t                    \t\t<a class=\"zoom-popup cbp-lightbox\" href=\"https:\/\/www.atacdisticaret.com\/wp-content\/uploads\/2017\/11\/v-sayili-liste-ve-nihai-kullanim-danismanligi.jpg\" data-title=\"V Say\u0131l\u0131 Liste ve Nihai Kullan\u0131m Dan\u0131\u015fmanl\u0131\u011f\u0131\"><i class=\"craft-magnifier3\"><\/i><\/a>\r\n\t\t                    \t\t<\/div><h2><a href=\"https:\/\/www.atacdisticaret.com\/index.php\/project\/v-sayili-liste-ve-nihai-kullanim-danismanligi\/\" title=\"V Say\u0131l\u0131 Liste ve Nihai Kullan\u0131m Dan\u0131\u015fmanl\u0131\u011f\u0131\">V Say\u0131l\u0131 Liste ve Nihai Kullan\u0131m Dan\u0131\u015fmanl\u0131\u011f\u0131<\/a><\/h2><\/div><\/div>\t\t                <\/div>\r\n\t\t\t\t\t<\/div><!-- \/.project-box -->\r\n\t            <\/div><!-- \/.cbp-item -->\r\n\t\t\t\r\n\t            <div class=\"cbp-item stratejik-cozumler \">\r\n\t\t\t\t\t<div class=\"project-box style-1\">\r\n\t\t\t\t\t\t<div class=\"inner\">\r\n\t\t\t\t\t\t\t<div class=\"project-wrap\"><div class=\"project-image\"><img loading=\"lazy\" decoding=\"async\" width=\"1024\" height=\"683\" src=\"https:\/\/www.atacdisticaret.com\/wp-content\/uploads\/2017\/11\/tse.jpg\" class=\"attachment-wprt-rectangle3 size-wprt-rectangle3 wp-post-image\" alt=\"\" srcset=\"https:\/\/www.atacdisticaret.com\/wp-content\/uploads\/2017\/11\/tse.jpg 1024w, https:\/\/www.atacdisticaret.com\/wp-content\/uploads\/2017\/11\/tse-300x200.jpg 300w, https:\/\/www.atacdisticaret.com\/wp-content\/uploads\/2017\/11\/tse-768x512.jpg 768w, https:\/\/www.atacdisticaret.com\/wp-content\/uploads\/2017\/11\/tse-870x580.jpg 870w, https:\/\/www.atacdisticaret.com\/wp-content\/uploads\/2017\/11\/tse-600x400.jpg 600w, https:\/\/www.atacdisticaret.com\/wp-content\/uploads\/2017\/11\/tse-480x320.jpg 480w\" sizes=\"auto, (max-width: 1024px) 100vw, 1024px\" \/><\/div><div class=\"project-text\"><div class=\"icon\">\r\n\t\t                    \t\t<a class=\"link\" href=\"https:\/\/www.atacdisticaret.com\/index.php\/project\/tse-ve-ce-danismanligi\/\" title=\"TSE ve CE Dan\u0131\u015fmanl\u0131\u011f\u0131\"><i class=\"craft-plus2\"><\/i><\/a>\r\n\t\t                    \t\t<a class=\"zoom-popup cbp-lightbox\" href=\"https:\/\/www.atacdisticaret.com\/wp-content\/uploads\/2017\/11\/tse.jpg\" data-title=\"TSE ve CE Dan\u0131\u015fmanl\u0131\u011f\u0131\"><i class=\"craft-magnifier3\"><\/i><\/a>\r\n\t\t                    \t\t<\/div><h2><a href=\"https:\/\/www.atacdisticaret.com\/index.php\/project\/tse-ve-ce-danismanligi\/\" title=\"TSE ve CE Dan\u0131\u015fmanl\u0131\u011f\u0131\">TSE ve CE Dan\u0131\u015fmanl\u0131\u011f\u0131<\/a><\/h2><\/div><\/div>\t\t                <\/div>\r\n\t\t\t\t\t<\/div><!-- \/.project-box -->\r\n\t            <\/div><!-- \/.cbp-item -->\r\n\t\t\t\r\n\t            <div class=\"cbp-item stratejik-cozumler \">\r\n\t\t\t\t\t<div class=\"project-box style-1\">\r\n\t\t\t\t\t\t<div class=\"inner\">\r\n\t\t\t\t\t\t\t<div class=\"project-wrap\"><div class=\"project-image\"><img loading=\"lazy\" decoding=\"async\" width=\"800\" height=\"530\" src=\"https:\/\/www.atacdisticaret.com\/wp-content\/uploads\/2017\/11\/oksb-yys-2.jpg\" class=\"attachment-wprt-rectangle3 size-wprt-rectangle3 wp-post-image\" alt=\"\" srcset=\"https:\/\/www.atacdisticaret.com\/wp-content\/uploads\/2017\/11\/oksb-yys-2.jpg 800w, https:\/\/www.atacdisticaret.com\/wp-content\/uploads\/2017\/11\/oksb-yys-2-300x199.jpg 300w, https:\/\/www.atacdisticaret.com\/wp-content\/uploads\/2017\/11\/oksb-yys-2-768x509.jpg 768w, https:\/\/www.atacdisticaret.com\/wp-content\/uploads\/2017\/11\/oksb-yys-2-600x398.jpg 600w, https:\/\/www.atacdisticaret.com\/wp-content\/uploads\/2017\/11\/oksb-yys-2-480x318.jpg 480w\" sizes=\"auto, (max-width: 800px) 100vw, 800px\" \/><\/div><div class=\"project-text\"><div class=\"icon\">\r\n\t\t                    \t\t<a class=\"link\" href=\"https:\/\/www.atacdisticaret.com\/index.php\/project\/yys-ve-oksb-danismanligi\/\" title=\"YYS ve OKSB Dan\u0131\u015fmanl\u0131\u011f\u0131\"><i class=\"craft-plus2\"><\/i><\/a>\r\n\t\t                    \t\t<a class=\"zoom-popup cbp-lightbox\" href=\"https:\/\/www.atacdisticaret.com\/wp-content\/uploads\/2017\/11\/oksb-yys-2.jpg\" data-title=\"YYS ve OKSB Dan\u0131\u015fmanl\u0131\u011f\u0131\"><i class=\"craft-magnifier3\"><\/i><\/a>\r\n\t\t                    \t\t<\/div><h2><a href=\"https:\/\/www.atacdisticaret.com\/index.php\/project\/yys-ve-oksb-danismanligi\/\" title=\"YYS ve OKSB Dan\u0131\u015fmanl\u0131\u011f\u0131\">YYS ve OKSB Dan\u0131\u015fmanl\u0131\u011f\u0131<\/a><\/h2><\/div><\/div>\t\t                <\/div>\r\n\t\t\t\t\t<\/div><!-- \/.project-box -->\r\n\t            <\/div><!-- \/.cbp-item -->\r\n\t\t\t\r\n\t            <div class=\"cbp-item guvenli-ve-hizli-islemler \">\r\n\t\t\t\t\t<div class=\"project-box style-1\">\r\n\t\t\t\t\t\t<div class=\"inner\">\r\n\t\t\t\t\t\t\t<div class=\"project-wrap\"><div class=\"project-image\"><img loading=\"lazy\" decoding=\"async\" width=\"1024\" height=\"683\" src=\"https:\/\/www.atacdisticaret.com\/wp-content\/uploads\/2017\/11\/guvenli-islem.jpg\" class=\"attachment-wprt-rectangle3 size-wprt-rectangle3 wp-post-image\" alt=\"\" srcset=\"https:\/\/www.atacdisticaret.com\/wp-content\/uploads\/2017\/11\/guvenli-islem.jpg 1024w, https:\/\/www.atacdisticaret.com\/wp-content\/uploads\/2017\/11\/guvenli-islem-300x200.jpg 300w, https:\/\/www.atacdisticaret.com\/wp-content\/uploads\/2017\/11\/guvenli-islem-768x512.jpg 768w, https:\/\/www.atacdisticaret.com\/wp-content\/uploads\/2017\/11\/guvenli-islem-870x580.jpg 870w, https:\/\/www.atacdisticaret.com\/wp-content\/uploads\/2017\/11\/guvenli-islem-600x400.jpg 600w, https:\/\/www.atacdisticaret.com\/wp-content\/uploads\/2017\/11\/guvenli-islem-480x320.jpg 480w\" sizes=\"auto, (max-width: 1024px) 100vw, 1024px\" \/><\/div><div class=\"project-text\"><div class=\"icon\">\r\n\t\t                    \t\t<a class=\"link\" href=\"https:\/\/www.atacdisticaret.com\/index.php\/project\/guvenli-ve-hizli-islemler\/\" title=\"G\u00fcvenli ve H\u0131zl\u0131 \u0130\u015flemler\"><i class=\"craft-plus2\"><\/i><\/a>\r\n\t\t                    \t\t<a class=\"zoom-popup cbp-lightbox\" href=\"https:\/\/www.atacdisticaret.com\/wp-content\/uploads\/2017\/11\/guvenli-islem.jpg\" data-title=\"G\u00fcvenli ve H\u0131zl\u0131 \u0130\u015flemler\"><i class=\"craft-magnifier3\"><\/i><\/a>\r\n\t\t                    \t\t<\/div><h2><a href=\"https:\/\/www.atacdisticaret.com\/index.php\/project\/guvenli-ve-hizli-islemler\/\" title=\"G\u00fcvenli ve H\u0131zl\u0131 \u0130\u015flemler\">G\u00fcvenli ve H\u0131zl\u0131 \u0130\u015flemler<\/a><\/h2><\/div><\/div>\t\t                <\/div>\r\n\t\t\t\t\t<\/div><!-- \/.project-box -->\r\n\t            <\/div><!-- \/.cbp-item -->\r\n\t\t\t\t\t<\/div><!-- \/#portfolio -->\r\n\r\n\t\t<div class=\"project-nav\"><\/div>\t\r\n\t\r\n<\/div><!-- \/.wprt-project -->\r\n\r\n\t<div class=\"wprt-spacer clearfix\" data-desktop=\"100\" data-mobi=\"60\" data-smobi=\"60\"><\/div>[\/vc_column][\/vc_row]<\/p>\n","protected":false},"excerpt":{"rendered":"<p>[vc_row fullwidth=&#8221;yes&#8221; full_width=&#8221;stretch_row_content_no_spaces&#8221;][vc_column][\/vc_column][\/vc_row]<\/p>\n","protected":false},"author":1,"featured_media":0,"parent":0,"menu_order":0,"comment_status":"closed","ping_status":"closed","template":"","meta":{"footnotes":""},"class_list":["post-2269","page","type-page","status-publish","hentry"],"_links":{"self":[{"href":"https:\/\/www.atacdisticaret.com\/index.php\/wp-json\/wp\/v2\/pages\/2269","targetHints":{"allow":["GET"]}}],"collection":[{"href":"https:\/\/www.atacdisticaret.com\/index.php\/wp-json\/wp\/v2\/pages"}],"about":[{"href":"https:\/\/www.atacdisticaret.com\/index.php\/wp-json\/wp\/v2\/types\/page"}],"author":[{"embeddable":true,"href":"https:\/\/www.atacdisticaret.com\/index.php\/wp-json\/wp\/v2\/users\/1"}],"replies":[{"embeddable":true,"href":"https:\/\/www.atacdisticaret.com\/index.php\/wp-json\/wp\/v2\/comments?post=2269"}],"version-history":[{"count":0,"href":"https:\/\/www.atacdisticaret.com\/index.php\/wp-json\/wp\/v2\/pages\/2269\/revisions"}],"wp:attachment":[{"href":"https:\/\/www.atacdisticaret.com\/index.php\/wp-json\/wp\/v2\/media?parent=2269"}],"curies":[{"name":"wp","href":"https:\/\/api.w.org\/{rel}","templated":true}]}}