{"id":3129,"date":"2021-06-08T17:57:53","date_gmt":"2021-06-08T14:57:53","guid":{"rendered":"http:\/\/www.atacdisticaret.com\/?page_id=3129"},"modified":"2021-06-09T15:57:24","modified_gmt":"2021-06-09T12:57:24","slug":"vizyonumuz","status":"publish","type":"page","link":"https:\/\/www.atacdisticaret.com\/index.php\/vizyonumuz\/","title":{"rendered":"Vizyonumuz"},"content":{"rendered":"<p>[vc_row][vc_column]\r\n\t<div class=\"wprt-spacer clearfix\" data-desktop=\"70\" data-mobi=\"50\" data-smobi=\"50\"><\/div><div class=\"wprt-headings clearfix text-center\"  style=\"\"><h2 class=\"heading clearfix\" style=\"font-weight:700;margin-bottom:3px;\">\r\n\t\tATA\u00c7 DI\u015e T\u0130CARET\r\n\t<\/h2><div class=\"sep accent clearfix\" style=\"width:60px;height:3px;\"><\/div><\/div>\r\n\t<div class=\"wprt-spacer clearfix\" data-desktop=\"35\" data-mobi=\"35\" data-smobi=\"35\"><\/div>\r\n\t<div class=\"wprt-spacer clearfix\" data-desktop=\"75\" data-mobi=\"50\" data-smobi=\"50\"><\/div>[\/vc_column][\/vc_row][vc_row row_equal_height=&#8221;yes&#8221; fullwidth=&#8221;yes&#8221; full_width=&#8221;stretch_row_content_no_spaces&#8221; el_class=&#8221;equalize sm-equalize-auto&#8221; css=&#8221;.vc_custom_1609515889270{background-color: #f7f7f7 !important;}&#8221;][vc_column width=&#8221;1\/2&#8243; css=&#8221;.vc_custom_1623243442518{background-image: url(http:\/\/www.atacdisticaret.com\/wp-content\/uploads\/2021\/06\/vision.jpg?id=3219) !important;background-position: center !important;background-repeat: no-repeat !important;background-size: cover !important;}&#8221;]\r\n\t<div class=\"wprt-spacer clearfix\" data-desktop=\"0\" data-mobi=\"0\" data-smobi=\"450\"><\/div>[\/vc_column][vc_column width=&#8221;1\/2&#8243;]<div class=\"wprt-content-box clearfix \" data-padding=\"\" data-mobipadding=\"\" data-margin=\"10% 20%\" data-mobimargin=\"8%\">\r\n\t\t<div class=\"inner \" style=\"\">\r\n\t\t\t<div class=\"wprt-headings clearfix \"  style=\"\"><h2 class=\"heading clearfix\" style=\"font-weight:700;margin-bottom:5px;\">\r\n\t\tVizyonumuz\r\n\t<\/h2><div class=\"sep accent clearfix\" style=\"width:60px;height:3px;\"><\/div><p class=\"sub-heading clearfix\" style=\"font-style:normal;font-size:14px;line-height:28px;margin-top:12px;margin-bottom:20px;font-family:Montserrat;\">\r\n\t\tM\u00fc\u015fterimizi, i\u015fimizin merkezinde tutan, s\u00fcrekli geli\u015ferek rekabet \u00fcst\u00fcnl\u00fc\u011f\u00fc yaratan, kalitenin tesad\u00fcf olmad\u0131\u011f\u0131, bireysel, ekip ve y\u00f6netim kalitesi ile sekt\u00f6rde ad\u0131ndan s\u0131k\u00e7a s\u00f6z ettiren, sayg\u0131n, \u00e7\u00f6z\u00fcm odakl\u0131 partner firma olabilmektir.\r\n\t<\/p><\/div>\n\r\n\t\t<\/div>\r\n\t<\/div>[\/vc_column][\/vc_row]<\/p>\n","protected":false},"excerpt":{"rendered":"<p>[vc_row][vc_column][\/vc_column][\/vc_row][vc_row row_equal_height=&#8221;yes&#8221; fullwidth=&#8221;yes&#8221; full_width=&#8221;stretch_row_content_no_spaces&#8221; el_class=&#8221;equalize sm-equalize-auto&#8221; css=&#8221;.vc_custom_1609515889270{background-color: #f7f7f7 !important;}&#8221;][vc_column width=&#8221;1\/2&#8243; css=&#8221;.vc_custom_1623243442518{background-image: url(http:\/\/www.atacdisticaret.com\/wp-content\/uploads\/2021\/06\/vision.jpg?id=3219) !important;background-position: center !important;background-repeat: no-repeat !important;background-size: cover !important;}&#8221;][\/vc_column][vc_column width=&#8221;1\/2&#8243;][\/vc_column][\/vc_row]<\/p>\n","protected":false},"author":1,"featured_media":0,"parent":0,"menu_order":0,"comment_status":"closed","ping_status":"closed","template":"","meta":{"footnotes":""},"class_list":["post-3129","page","type-page","status-publish","hentry"],"_links":{"self":[{"href":"https:\/\/www.atacdisticaret.com\/index.php\/wp-json\/wp\/v2\/pages\/3129","targetHints":{"allow":["GET"]}}],"collection":[{"href":"https:\/\/www.atacdisticaret.com\/index.php\/wp-json\/wp\/v2\/pages"}],"about":[{"href":"https:\/\/www.atacdisticaret.com\/index.php\/wp-json\/wp\/v2\/types\/page"}],"author":[{"embeddable":true,"href":"https:\/\/www.atacdisticaret.com\/index.php\/wp-json\/wp\/v2\/users\/1"}],"replies":[{"embeddable":true,"href":"https:\/\/www.atacdisticaret.com\/index.php\/wp-json\/wp\/v2\/comments?post=3129"}],"version-history":[{"count":3,"href":"https:\/\/www.atacdisticaret.com\/index.php\/wp-json\/wp\/v2\/pages\/3129\/revisions"}],"predecessor-version":[{"id":3220,"href":"https:\/\/www.atacdisticaret.com\/index.php\/wp-json\/wp\/v2\/pages\/3129\/revisions\/3220"}],"wp:attachment":[{"href":"https:\/\/www.atacdisticaret.com\/index.php\/wp-json\/wp\/v2\/media?parent=3129"}],"curies":[{"name":"wp","href":"https:\/\/api.w.org\/{rel}","templated":true}]}}