{"id":3132,"date":"2021-06-08T17:58:40","date_gmt":"2021-06-08T14:58:40","guid":{"rendered":"http:\/\/www.atacdisticaret.com\/?page_id=3132"},"modified":"2021-06-09T15:57:59","modified_gmt":"2021-06-09T12:57:59","slug":"misyonumuz","status":"publish","type":"page","link":"https:\/\/www.atacdisticaret.com\/index.php\/misyonumuz\/","title":{"rendered":"Misyonumuz"},"content":{"rendered":"<p>[vc_row][vc_column]\r\n\t<div class=\"wprt-spacer clearfix\" data-desktop=\"70\" data-mobi=\"50\" data-smobi=\"50\"><\/div><div class=\"wprt-headings clearfix text-center\"  style=\"\"><h2 class=\"heading clearfix\" style=\"font-weight:700;margin-bottom:3px;\">\r\n\t\tATA\u00c7 DI\u015e T\u0130CARET\r\n\t<\/h2><div class=\"sep accent clearfix\" style=\"width:60px;height:3px;\"><\/div><\/div>\r\n\t<div class=\"wprt-spacer clearfix\" data-desktop=\"35\" data-mobi=\"35\" data-smobi=\"35\"><\/div>\r\n\t<div class=\"wprt-spacer clearfix\" data-desktop=\"75\" data-mobi=\"50\" data-smobi=\"50\"><\/div>[\/vc_column][\/vc_row][vc_row row_equal_height=&#8221;yes&#8221; fullwidth=&#8221;yes&#8221; full_width=&#8221;stretch_row_content_no_spaces&#8221; el_class=&#8221;equalize sm-equalize-auto&#8221; css=&#8221;.vc_custom_1609515889270{background-color: #f7f7f7 !important;}&#8221;][vc_column width=&#8221;1\/2&#8243; css=&#8221;.vc_custom_1623243476954{background-image: url(http:\/\/www.atacdisticaret.com\/wp-content\/uploads\/2021\/06\/mision.jpg?id=3221) !important;background-position: center !important;background-repeat: no-repeat !important;background-size: cover !important;}&#8221;]\r\n\t<div class=\"wprt-spacer clearfix\" data-desktop=\"0\" data-mobi=\"0\" data-smobi=\"450\"><\/div>[\/vc_column][vc_column width=&#8221;1\/2&#8243;]<div class=\"wprt-content-box clearfix \" data-padding=\"\" data-mobipadding=\"\" data-margin=\"10% 20%\" data-mobimargin=\"8%\">\r\n\t\t<div class=\"inner \" style=\"\">\r\n\t\t\t<div class=\"wprt-headings clearfix \"  style=\"\"><h2 class=\"heading clearfix\" style=\"font-weight:700;margin-bottom:5px;\">\r\n\t\tMisyonumuz\r\n\t<\/h2><div class=\"sep accent clearfix\" style=\"width:60px;height:3px;\"><\/div><p class=\"sub-heading clearfix\" style=\"font-style:normal;font-size:14px;line-height:28px;margin-top:12px;margin-bottom:20px;font-family:Montserrat;\">\r\n\t\tD\u0131\u015f Ticarette , etik de\u011ferleri koruyarak ve yenilik\u00e7i yakla\u015f\u0131mlarla benzersiz hizmetler sunmakt\u0131r.\r\n\t<\/p><\/div>\n\r\n\t\t<\/div>\r\n\t<\/div>[\/vc_column][\/vc_row]<\/p>\n","protected":false},"excerpt":{"rendered":"<p>[vc_row][vc_column][\/vc_column][\/vc_row][vc_row row_equal_height=&#8221;yes&#8221; fullwidth=&#8221;yes&#8221; full_width=&#8221;stretch_row_content_no_spaces&#8221; el_class=&#8221;equalize sm-equalize-auto&#8221; css=&#8221;.vc_custom_1609515889270{background-color: #f7f7f7 !important;}&#8221;][vc_column width=&#8221;1\/2&#8243; css=&#8221;.vc_custom_1623243476954{background-image: url(http:\/\/www.atacdisticaret.com\/wp-content\/uploads\/2021\/06\/mision.jpg?id=3221) !important;background-position: center !important;background-repeat: no-repeat !important;background-size: cover !important;}&#8221;][\/vc_column][vc_column width=&#8221;1\/2&#8243;][\/vc_column][\/vc_row]<\/p>\n","protected":false},"author":1,"featured_media":0,"parent":0,"menu_order":0,"comment_status":"closed","ping_status":"closed","template":"","meta":{"footnotes":""},"class_list":["post-3132","page","type-page","status-publish","hentry"],"_links":{"self":[{"href":"https:\/\/www.atacdisticaret.com\/index.php\/wp-json\/wp\/v2\/pages\/3132","targetHints":{"allow":["GET"]}}],"collection":[{"href":"https:\/\/www.atacdisticaret.com\/index.php\/wp-json\/wp\/v2\/pages"}],"about":[{"href":"https:\/\/www.atacdisticaret.com\/index.php\/wp-json\/wp\/v2\/types\/page"}],"author":[{"embeddable":true,"href":"https:\/\/www.atacdisticaret.com\/index.php\/wp-json\/wp\/v2\/users\/1"}],"replies":[{"embeddable":true,"href":"https:\/\/www.atacdisticaret.com\/index.php\/wp-json\/wp\/v2\/comments?post=3132"}],"version-history":[{"count":3,"href":"https:\/\/www.atacdisticaret.com\/index.php\/wp-json\/wp\/v2\/pages\/3132\/revisions"}],"predecessor-version":[{"id":3222,"href":"https:\/\/www.atacdisticaret.com\/index.php\/wp-json\/wp\/v2\/pages\/3132\/revisions\/3222"}],"wp:attachment":[{"href":"https:\/\/www.atacdisticaret.com\/index.php\/wp-json\/wp\/v2\/media?parent=3132"}],"curies":[{"name":"wp","href":"https:\/\/api.w.org\/{rel}","templated":true}]}}