{"id":3195,"date":"2021-06-09T15:16:25","date_gmt":"2021-06-09T12:16:25","guid":{"rendered":"http:\/\/www.atacdisticaret.com\/?page_id=3195"},"modified":"2021-06-09T15:19:52","modified_gmt":"2021-06-09T12:19:52","slug":"hizmetlerimiz","status":"publish","type":"page","link":"https:\/\/www.atacdisticaret.com\/index.php\/hizmetlerimiz\/","title":{"rendered":"Hizmetlerimiz"},"content":{"rendered":"<p>[vc_row][vc_column]\r\n\t<div class=\"wprt-spacer clearfix\" data-desktop=\"96\" data-mobi=\"60\" data-smobi=\"60\"><\/div>[vc_row_inner][vc_column_inner width=&#8221;1\/3&#8243;]<div class=\"wprt-image-box clearfix \" style=\"\">\r\n        <div class=\"item\">\r\n            <div class=\"inner\" style=\"background-color: #f7f7f7;\">\r\n                <div class=\"thumb\" style=\"\"><img loading=\"lazy\" decoding=\"async\" width=\"600\" height=\"500\" src=\"https:\/\/www.atacdisticaret.com\/wp-content\/uploads\/2017\/11\/gumruk-islemleri-danismanligi-600x500.jpg\" class=\"attachment-wprt-rectangle size-wprt-rectangle\" alt=\"\" \/><\/div>\r\n                <div class=\"text-wrap\" style=\"\">\r\n                    <h3 class=\"title\" style=\"\">\r\n        <a target=\"_blank\" href=\"#\">G\u00fcmr\u00fck i\u015flemleri Dan\u0131\u015fmanl\u0131\u011f\u0131<\/a>\r\n    <\/h3>   \r\n                <\/div>\r\n            <\/div>\r\n        <\/div>\r\n    <\/div>\r\n\t<div class=\"wprt-spacer clearfix\" data-desktop=\"65\" data-mobi=\"35\" data-smobi=\"35\"><\/div>[\/vc_column_inner][vc_column_inner width=&#8221;1\/3&#8243;]<div class=\"wprt-image-box clearfix \" style=\"\">\r\n        <div class=\"item\">\r\n            <div class=\"inner\" style=\"background-color: #f7f7f7;\">\r\n                <div class=\"thumb\" style=\"\"><img loading=\"lazy\" decoding=\"async\" width=\"571\" height=\"500\" src=\"https:\/\/www.atacdisticaret.com\/wp-content\/uploads\/2017\/11\/tesvik-danismanlik-2-571x500.jpg\" class=\"attachment-wprt-rectangle size-wprt-rectangle\" alt=\"\" \/><\/div>\r\n                <div class=\"text-wrap\" style=\"\">\r\n                    <h3 class=\"title\" style=\"\">\r\n        <a target=\"_blank\" href=\"#\">Te\u015fvik Dan\u0131\u015fmanl\u0131\u011f\u0131<\/a>\r\n    <\/h3>   \r\n                <\/div>\r\n            <\/div>\r\n        <\/div>\r\n    <\/div>\r\n\t<div class=\"wprt-spacer clearfix\" data-desktop=\"65\" data-mobi=\"35\" data-smobi=\"35\"><\/div>[\/vc_column_inner][vc_column_inner width=&#8221;1\/3&#8243;]<div class=\"wprt-image-box clearfix \" style=\"\">\r\n        <div class=\"item\">\r\n            <div class=\"inner\" style=\"background-color: #f7f7f7;\">\r\n                <div class=\"thumb\" style=\"\"><img loading=\"lazy\" decoding=\"async\" width=\"600\" height=\"500\" src=\"https:\/\/www.atacdisticaret.com\/wp-content\/uploads\/2017\/11\/dis-ticaret-danismanligi-600x500.jpeg\" class=\"attachment-wprt-rectangle size-wprt-rectangle\" alt=\"\" \/><\/div>\r\n                <div class=\"text-wrap\" style=\"\">\r\n                    <h3 class=\"title\" style=\"\">\r\n        <a target=\"_blank\" href=\"#\">D\u0131\u015f Ticaret Dan\u0131\u015fmanl\u0131\u011f\u0131<\/a>\r\n    <\/h3>   \r\n                <\/div>\r\n            <\/div>\r\n        <\/div>\r\n    <\/div>\r\n\t<div class=\"wprt-spacer clearfix\" data-desktop=\"65\" data-mobi=\"35\" data-smobi=\"35\"><\/div>[\/vc_column_inner][\/vc_row_inner][vc_row_inner][vc_column_inner width=&#8221;1\/3&#8243;]<div class=\"wprt-image-box clearfix \" style=\"\">\r\n        <div class=\"item\">\r\n            <div class=\"inner\" style=\"background-color: #f7f7f7;\">\r\n                <div class=\"thumb\" style=\"\"><img loading=\"lazy\" decoding=\"async\" width=\"600\" height=\"500\" src=\"https:\/\/www.atacdisticaret.com\/wp-content\/uploads\/2017\/11\/ekonomi-finans-danismanligi-600x500.jpg\" class=\"attachment-wprt-rectangle size-wprt-rectangle\" alt=\"\" \/><\/div>\r\n                <div class=\"text-wrap\" style=\"\">\r\n                    <h3 class=\"title\" style=\"\">\r\n        <a target=\"_blank\" href=\"#\">Ekonomi ve Finans Dan\u0131\u015fmanl\u0131\u011f\u0131<\/a>\r\n    <\/h3>   \r\n                <\/div>\r\n            <\/div>\r\n        <\/div>\r\n    <\/div>\r\n\t<div class=\"wprt-spacer clearfix\" data-desktop=\"65\" data-mobi=\"35\" data-smobi=\"35\"><\/div>[\/vc_column_inner][vc_column_inner width=&#8221;1\/3&#8243;]<div class=\"wprt-image-box clearfix \" style=\"\">\r\n        <div class=\"item\">\r\n            <div class=\"inner\" style=\"background-color: #f7f7f7;\">\r\n                <div class=\"thumb\" style=\"\"><img loading=\"lazy\" decoding=\"async\" width=\"600\" height=\"500\" src=\"https:\/\/www.atacdisticaret.com\/wp-content\/uploads\/2017\/11\/kurumsal-egitim-600x500.jpg\" class=\"attachment-wprt-rectangle size-wprt-rectangle\" alt=\"\" \/><\/div>\r\n                <div class=\"text-wrap\" style=\"\">\r\n                    <h3 class=\"title\" style=\"\">\r\n        <a target=\"_blank\" href=\"#\">Kurumsal E\u011fitim Deste\u011fi<\/a>\r\n    <\/h3>   \r\n                <\/div>\r\n            <\/div>\r\n        <\/div>\r\n    <\/div>\r\n\t<div class=\"wprt-spacer clearfix\" data-desktop=\"65\" data-mobi=\"35\" data-smobi=\"35\"><\/div>[\/vc_column_inner][vc_column_inner width=&#8221;1\/3&#8243;]<div class=\"wprt-image-box clearfix \" style=\"\">\r\n        <div class=\"item\">\r\n            <div class=\"inner\" style=\"background-color: #f7f7f7;\">\r\n                <div class=\"thumb\" style=\"\"><img loading=\"lazy\" decoding=\"async\" width=\"600\" height=\"500\" src=\"https:\/\/www.atacdisticaret.com\/wp-content\/uploads\/2017\/11\/gumruk-islemleri-danismanligi-600x500.jpg\" class=\"attachment-wprt-rectangle size-wprt-rectangle\" alt=\"\" \/><\/div>\r\n                <div class=\"text-wrap\" style=\"\">\r\n                    <h3 class=\"title\" style=\"\">\r\n        <a target=\"_blank\" href=\"#\">Lojistik<\/a>\r\n    <\/h3>   \r\n                <\/div>\r\n            <\/div>\r\n        <\/div>\r\n    <\/div>\r\n\t<div class=\"wprt-spacer clearfix\" data-desktop=\"65\" data-mobi=\"35\" data-smobi=\"35\"><\/div>[\/vc_column_inner][\/vc_row_inner][vc_row_inner][vc_column_inner width=&#8221;1\/3&#8243;]<div class=\"wprt-image-box clearfix \" style=\"\">\r\n        <div class=\"item\">\r\n            <div class=\"inner\" style=\"background-color: #f7f7f7;\">\r\n                <div class=\"thumb\" style=\"\"><img loading=\"lazy\" decoding=\"async\" width=\"600\" height=\"500\" src=\"https:\/\/www.atacdisticaret.com\/wp-content\/uploads\/2017\/11\/tesvik-alim-ve-danismanligi-600x500.jpg\" class=\"attachment-wprt-rectangle size-wprt-rectangle\" alt=\"\" \/><\/div>\r\n                <div class=\"text-wrap\" style=\"\">\r\n                    <h3 class=\"title\" style=\"\">\r\n        <a target=\"_blank\" href=\"http:\/\/www.atacdisticaret.com\/index.php\/project\/tesvik-alimlari-ve-danismanligi\/\">Te\u015fvik Al\u0131mlar\u0131 ve Dan\u0131\u015fmanl\u0131\u011f\u0131<\/a>\r\n    <\/h3>   \r\n                <\/div>\r\n            <\/div>\r\n        <\/div>\r\n    <\/div>\r\n\t<div class=\"wprt-spacer clearfix\" data-desktop=\"65\" data-mobi=\"35\" data-smobi=\"35\"><\/div>[\/vc_column_inner][vc_column_inner width=&#8221;1\/3&#8243;]<div class=\"wprt-image-box clearfix \" style=\"\">\r\n        <div class=\"item\">\r\n            <div class=\"inner\" style=\"background-color: #f7f7f7;\">\r\n                <div class=\"thumb\" style=\"\"><img loading=\"lazy\" decoding=\"async\" width=\"600\" height=\"500\" src=\"https:\/\/www.atacdisticaret.com\/wp-content\/uploads\/2017\/11\/v-sayili-liste-ve-nihai-kullanim-danismanligi-600x500.jpg\" class=\"attachment-wprt-rectangle size-wprt-rectangle\" alt=\"\" \/><\/div>\r\n                <div class=\"text-wrap\" style=\"\">\r\n                    <h3 class=\"title\" style=\"\">\r\n        <a target=\"_blank\" href=\"http:\/\/www.atacdisticaret.com\/index.php\/project\/v-sayili-liste-ve-nihai-kullanim-danismanligi\/\">V Say\u0131l\u0131 Liste ve Nihai Kullan\u0131m Dan\u0131\u015fmanl\u0131\u011f\u0131<\/a>\r\n    <\/h3>   \r\n                <\/div>\r\n            <\/div>\r\n        <\/div>\r\n    <\/div>\r\n\t<div class=\"wprt-spacer clearfix\" data-desktop=\"65\" data-mobi=\"35\" data-smobi=\"35\"><\/div>[\/vc_column_inner][vc_column_inner width=&#8221;1\/3&#8243;]<div class=\"wprt-image-box clearfix \" style=\"\">\r\n        <div class=\"item\">\r\n            <div class=\"inner\" style=\"background-color: #f7f7f7;\">\r\n                <div class=\"thumb\" style=\"\"><img loading=\"lazy\" decoding=\"async\" width=\"600\" height=\"500\" src=\"https:\/\/www.atacdisticaret.com\/wp-content\/uploads\/2017\/11\/tse-600x500.jpg\" class=\"attachment-wprt-rectangle size-wprt-rectangle\" alt=\"\" \/><\/div>\r\n                <div class=\"text-wrap\" style=\"\">\r\n                    <h3 class=\"title\" style=\"\">\r\n        <a target=\"_blank\" href=\"http:\/\/www.atacdisticaret.com\/index.php\/project\/tse-ve-ce-danismanligi\/\">TSE ve CE Dan\u0131\u015fmanl\u0131\u011f\u0131<\/a>\r\n    <\/h3>   \r\n                <\/div>\r\n            <\/div>\r\n        <\/div>\r\n    <\/div>\r\n\t<div class=\"wprt-spacer clearfix\" data-desktop=\"65\" data-mobi=\"35\" data-smobi=\"35\"><\/div>[\/vc_column_inner][\/vc_row_inner][vc_row_inner][vc_column_inner width=&#8221;1\/3&#8243;]<div class=\"wprt-image-box clearfix \" style=\"\">\r\n        <div class=\"item\">\r\n            <div class=\"inner\" style=\"background-color: #f7f7f7;\">\r\n                <div class=\"thumb\" style=\"\"><img loading=\"lazy\" decoding=\"async\" width=\"600\" height=\"500\" src=\"https:\/\/www.atacdisticaret.com\/wp-content\/uploads\/2017\/11\/oksb-yys-2-600x500.jpg\" class=\"attachment-wprt-rectangle size-wprt-rectangle\" alt=\"\" \/><\/div>\r\n                <div class=\"text-wrap\" style=\"\">\r\n                    <h3 class=\"title\" style=\"\">\r\n        <a target=\"_blank\" href=\"http:\/\/www.atacdisticaret.com\/index.php\/project\/yys-ve-oksb-danismanligi\/\">YYS ve OKSB Dan\u0131\u015fmanl\u0131\u011f\u0131<\/a>\r\n    <\/h3>   \r\n                <\/div>\r\n            <\/div>\r\n        <\/div>\r\n    <\/div>\r\n\t<div class=\"wprt-spacer clearfix\" data-desktop=\"65\" data-mobi=\"35\" data-smobi=\"35\"><\/div>[\/vc_column_inner][vc_column_inner width=&#8221;1\/3&#8243;]<div class=\"wprt-image-box clearfix \" style=\"\">\r\n        <div class=\"item\">\r\n            <div class=\"inner\" style=\"background-color: #f7f7f7;\">\r\n                <div class=\"thumb\" style=\"\"><img loading=\"lazy\" decoding=\"async\" width=\"600\" height=\"500\" src=\"https:\/\/www.atacdisticaret.com\/wp-content\/uploads\/2017\/11\/guvenli-islem-600x500.jpg\" class=\"attachment-wprt-rectangle size-wprt-rectangle\" alt=\"\" \/><\/div>\r\n                <div class=\"text-wrap\" style=\"\">\r\n                    <h3 class=\"title\" style=\"\">\r\n        <a target=\"_blank\" href=\"http:\/\/www.atacdisticaret.com\/index.php\/project\/guvenli-ve-hizli-islemler\/\">G\u00fcvenli ve H\u0131zl\u0131 \u0130\u015flemler<\/a>\r\n    <\/h3>   \r\n                <\/div>\r\n            <\/div>\r\n        <\/div>\r\n    <\/div>\r\n\t<div class=\"wprt-spacer clearfix\" data-desktop=\"65\" data-mobi=\"35\" data-smobi=\"35\"><\/div>[\/vc_column_inner][\/vc_row_inner][\/vc_column][\/vc_row][vc_row full_width=&#8221;stretch_row&#8221; css=&#8221;.vc_custom_1512532601209{background-image: url(https:\/\/ninzio.com\/craft\/wp-content\/uploads\/2017\/10\/section_bg1.jpg?id=2252) !important;background-position: center !important;background-repeat: no-repeat !important;background-size: cover !important;}&#8221;][vc_column]\r\n\t<div class=\"wprt-spacer clearfix\" data-desktop=\"60\" data-mobi=\"40\" data-smobi=\"40\"><\/div>[\/vc_column][\/vc_row]<\/p>\n","protected":false},"excerpt":{"rendered":"<p>[vc_row][vc_column][vc_row_inner][vc_column_inner width=&#8221;1\/3&#8243;][\/vc_column_inner][vc_column_inner width=&#8221;1\/3&#8243;][\/vc_column_inner][vc_column_inner width=&#8221;1\/3&#8243;][\/vc_column_inner][\/vc_row_inner][vc_row_inner][vc_column_inner width=&#8221;1\/3&#8243;][\/vc_column_inner][vc_column_inner width=&#8221;1\/3&#8243;][\/vc_column_inner][vc_column_inner width=&#8221;1\/3&#8243;][\/vc_column_inner][\/vc_row_inner][vc_row_inner][vc_column_inner width=&#8221;1\/3&#8243;][\/vc_column_inner][vc_column_inner width=&#8221;1\/3&#8243;][\/vc_column_inner][vc_column_inner width=&#8221;1\/3&#8243;][\/vc_column_inner][\/vc_row_inner][vc_row_inner][vc_column_inner width=&#8221;1\/3&#8243;][\/vc_column_inner][vc_column_inner width=&#8221;1\/3&#8243;][\/vc_column_inner][\/vc_row_inner][\/vc_column][\/vc_row][vc_row full_width=&#8221;stretch_row&#8221; css=&#8221;.vc_custom_1512532601209{background-image: url(https:\/\/ninzio.com\/craft\/wp-content\/uploads\/2017\/10\/section_bg1.jpg?id=2252) !important;background-position: center !important;background-repeat: no-repeat !important;background-size: cover !important;}&#8221;][vc_column][\/vc_column][\/vc_row]<\/p>\n","protected":false},"author":1,"featured_media":0,"parent":0,"menu_order":0,"comment_status":"closed","ping_status":"closed","template":"","meta":{"footnotes":""},"class_list":["post-3195","page","type-page","status-publish","hentry"],"_links":{"self":[{"href":"https:\/\/www.atacdisticaret.com\/index.php\/wp-json\/wp\/v2\/pages\/3195","targetHints":{"allow":["GET"]}}],"collection":[{"href":"https:\/\/www.atacdisticaret.com\/index.php\/wp-json\/wp\/v2\/pages"}],"about":[{"href":"https:\/\/www.atacdisticaret.com\/index.php\/wp-json\/wp\/v2\/types\/page"}],"author":[{"embeddable":true,"href":"https:\/\/www.atacdisticaret.com\/index.php\/wp-json\/wp\/v2\/users\/1"}],"replies":[{"embeddable":true,"href":"https:\/\/www.atacdisticaret.com\/index.php\/wp-json\/wp\/v2\/comments?post=3195"}],"version-history":[{"count":4,"href":"https:\/\/www.atacdisticaret.com\/index.php\/wp-json\/wp\/v2\/pages\/3195\/revisions"}],"predecessor-version":[{"id":3201,"href":"https:\/\/www.atacdisticaret.com\/index.php\/wp-json\/wp\/v2\/pages\/3195\/revisions\/3201"}],"wp:attachment":[{"href":"https:\/\/www.atacdisticaret.com\/index.php\/wp-json\/wp\/v2\/media?parent=3195"}],"curies":[{"name":"wp","href":"https:\/\/api.w.org\/{rel}","templated":true}]}}