{"id":3215,"date":"2021-06-09T15:47:25","date_gmt":"2021-06-09T12:47:25","guid":{"rendered":"http:\/\/www.atacdisticaret.com\/?page_id=3215"},"modified":"2021-06-09T15:47:25","modified_gmt":"2021-06-09T12:47:25","slug":"insan-kaynaklari","status":"publish","type":"page","link":"https:\/\/www.atacdisticaret.com\/index.php\/insan-kaynaklari\/","title":{"rendered":"\u0130nsan Kaynaklar\u0131"},"content":{"rendered":"<p>[vc_row][vc_column]\r\n\t<div class=\"wprt-spacer clearfix\" data-desktop=\"90\" data-mobi=\"60\" data-smobi=\"60\"><\/div><div role=\"form\" class=\"wpcf7\" id=\"wpcf7-f3214-o1\" lang=\"en-US\" dir=\"ltr\">\n<div class=\"screen-reader-response\"><p role=\"status\" aria-live=\"polite\" aria-atomic=\"true\"><\/p> <ul><\/ul><\/div>\n<form action=\"\/index.php\/wp-json\/wp\/v2\/pages\/3215#wpcf7-f3214-o1\" method=\"post\" class=\"wpcf7-form init\" novalidate=\"novalidate\" data-status=\"init\">\n<div style=\"display: none;\">\n<input type=\"hidden\" name=\"_wpcf7\" value=\"3214\" \/>\n<input type=\"hidden\" name=\"_wpcf7_version\" value=\"5.4.1\" \/>\n<input type=\"hidden\" name=\"_wpcf7_locale\" value=\"en_US\" \/>\n<input type=\"hidden\" name=\"_wpcf7_unit_tag\" value=\"wpcf7-f3214-o1\" \/>\n<input type=\"hidden\" name=\"_wpcf7_container_post\" value=\"0\" \/>\n<input type=\"hidden\" name=\"_wpcf7_posted_data_hash\" value=\"\" \/>\n<\/div>\n<div class=\"wprt-contact-form-3 input-bottom-20 message-height-150\">\n<h4>Ba\u015fvuru Formunu Doldurun<\/h4>\n<p><span class=\"wpcf7-form-control-wrap pozisyon\"><select name=\"pozisyon\" class=\"wpcf7-form-control wpcf7-select wpcf7-validates-as-required\" aria-required=\"true\" aria-invalid=\"false\"><option value=\"Proje Asistan\u0131\">Proje Asistan\u0131<\/option><option value=\"Proje Uzman\u0131\">Proje Uzman\u0131<\/option><option value=\"Te\u015fvik Uzman\u0131\">Te\u015fvik Uzman\u0131<\/option><option value=\"\u0130dari ve Mali \u0130\u015fler Uzman\u0131\">\u0130dari ve Mali \u0130\u015fler Uzman\u0131<\/option><\/select><\/span><\/p>\n<h4>Genel Bilgiler<\/h4>\n<p><span class=\"wpcf7-form-control-wrap adsoyad\"><input type=\"text\" name=\"adsoyad\" value=\"\" size=\"40\" class=\"wpcf7-form-control wpcf7-text wpcf7-validates-as-required\" aria-required=\"true\" aria-invalid=\"false\" placeholder=\"Ad Soyad\" \/><\/span><br\/><br \/>\n<span class=\"wpcf7-form-control-wrap eposta\"><input type=\"email\" name=\"eposta\" value=\"\" size=\"40\" class=\"wpcf7-form-control wpcf7-text wpcf7-email wpcf7-validates-as-required wpcf7-validates-as-email\" aria-required=\"true\" aria-invalid=\"false\" placeholder=\"E-posta\" \/><\/span><br\/><br \/>\n<span class=\"wpcf7-form-control-wrap dogumtarihi\"><input type=\"date\" name=\"dogumtarihi\" value=\"\" class=\"wpcf7-form-control wpcf7-date wpcf7-validates-as-required wpcf7-validates-as-date\" aria-required=\"true\" aria-invalid=\"false\" \/><\/span><br\/><br \/>\n<span class=\"wpcf7-form-control-wrap yabancdil\"><input type=\"text\" name=\"yabancdil\" value=\"\" size=\"40\" class=\"wpcf7-form-control wpcf7-text\" aria-invalid=\"false\" placeholder=\"Yabanc\u0131 Diller\" \/><\/span><br\/><br \/>\n<span class=\"wpcf7-form-control-wrap medenidurum\"><select name=\"medenidurum\" class=\"wpcf7-form-control wpcf7-select wpcf7-validates-as-required\" aria-required=\"true\" aria-invalid=\"false\"><option value=\"Evli\">Evli<\/option><option value=\"Bekar\">Bekar<\/option><\/select><\/span><\/p>\n<h4>\u0130leti\u015fim Bilgileri<\/h4>\n<p><span class=\"wpcf7-form-control-wrap telefon\"><input type=\"tel\" name=\"telefon\" value=\"\" size=\"40\" class=\"wpcf7-form-control wpcf7-text wpcf7-tel wpcf7-validates-as-required wpcf7-validates-as-tel\" aria-required=\"true\" aria-invalid=\"false\" placeholder=\"telefon\" \/><\/span><br\/><br \/>\n<span class=\"wpcf7-form-control-wrap sehir\"><input type=\"text\" name=\"sehir\" value=\"\" size=\"40\" class=\"wpcf7-form-control wpcf7-text wpcf7-validates-as-required\" aria-required=\"true\" aria-invalid=\"false\" placeholder=\"\u015eEH\u0130R\" \/><\/span><br\/><br \/>\n<span class=\"wpcf7-form-control-wrap adres\"><textarea name=\"adres\" cols=\"40\" rows=\"10\" class=\"wpcf7-form-control wpcf7-textarea\" aria-invalid=\"false\" placeholder=\"Adres\"><\/textarea><\/span><br\/><\/p>\n<h4>\u0130leti\u015fim Bilgileri<\/h4>\n<p><span class=\"wpcf7-form-control-wrap egitimseviyesi\"><select name=\"egitimseviyesi\" class=\"wpcf7-form-control wpcf7-select wpcf7-validates-as-required\" aria-required=\"true\" aria-invalid=\"false\"><option value=\"\u0130lk\u00f6\u011fretim\">\u0130lk\u00f6\u011fretim<\/option><option value=\"Lise\">Lise<\/option><option value=\"\u00d6n Lisans\">\u00d6n Lisans<\/option><option value=\"Y\u00fcksek Lisans\">Y\u00fcksek Lisans<\/option><option value=\"Doktora\">Doktora<\/option><\/select><\/span><br\/><br \/>\n<span class=\"wpcf7-form-control-wrap okuladi\"><input type=\"text\" name=\"okuladi\" value=\"\" size=\"40\" class=\"wpcf7-form-control wpcf7-text\" aria-invalid=\"false\" placeholder=\"Okul Ad\u0131\" \/><\/span><br\/><br \/>\n<span class=\"wpcf7-form-control-wrap bolumadi\"><input type=\"text\" name=\"bolumadi\" value=\"\" size=\"40\" class=\"wpcf7-form-control wpcf7-text\" aria-invalid=\"false\" placeholder=\"B\u00f6l\u00fcm Ad\u0131\" \/><\/span><br\/><br \/>\n<br\/><\/p>\n<h4>Detayl\u0131 Bilgi<\/h4>\n<p><span class=\"wpcf7-form-control-wrap detay\"><textarea name=\"detay\" cols=\"40\" rows=\"10\" class=\"wpcf7-form-control wpcf7-textarea\" aria-invalid=\"false\" placeholder=\"Hakk\u0131n\u0131zda daha detayl\u0131 bilgi vermek i\u00e7in mevcut alan\u0131 doldurabilirsiniz.\"><\/textarea><\/span><br\/><\/p>\n<div class=\"wrap-submit\"><input type=\"submit\" value=\"Ba\u015fvur\" class=\"wpcf7-form-control wpcf7-submit\" \/><\/div>\n<\/div>\n<div class=\"wpcf7-response-output\" aria-hidden=\"true\"><\/div><\/form><\/div>[\/vc_column][\/vc_row]<\/p>\n","protected":false},"excerpt":{"rendered":"<p>[vc_row][vc_column][\/vc_column][\/vc_row]<\/p>\n","protected":false},"author":1,"featured_media":0,"parent":0,"menu_order":0,"comment_status":"closed","ping_status":"closed","template":"","meta":{"footnotes":""},"class_list":["post-3215","page","type-page","status-publish","hentry"],"_links":{"self":[{"href":"https:\/\/www.atacdisticaret.com\/index.php\/wp-json\/wp\/v2\/pages\/3215","targetHints":{"allow":["GET"]}}],"collection":[{"href":"https:\/\/www.atacdisticaret.com\/index.php\/wp-json\/wp\/v2\/pages"}],"about":[{"href":"https:\/\/www.atacdisticaret.com\/index.php\/wp-json\/wp\/v2\/types\/page"}],"author":[{"embeddable":true,"href":"https:\/\/www.atacdisticaret.com\/index.php\/wp-json\/wp\/v2\/users\/1"}],"replies":[{"embeddable":true,"href":"https:\/\/www.atacdisticaret.com\/index.php\/wp-json\/wp\/v2\/comments?post=3215"}],"version-history":[{"count":1,"href":"https:\/\/www.atacdisticaret.com\/index.php\/wp-json\/wp\/v2\/pages\/3215\/revisions"}],"predecessor-version":[{"id":3216,"href":"https:\/\/www.atacdisticaret.com\/index.php\/wp-json\/wp\/v2\/pages\/3215\/revisions\/3216"}],"wp:attachment":[{"href":"https:\/\/www.atacdisticaret.com\/index.php\/wp-json\/wp\/v2\/media?parent=3215"}],"curies":[{"name":"wp","href":"https:\/\/api.w.org\/{rel}","templated":true}]}}